{"id":219,"date":"2016-12-13T16:43:07","date_gmt":"2016-12-13T16:43:07","guid":{"rendered":"http:\/\/communis.org.ba\/?page_id=219"},"modified":"2021-12-17T20:00:53","modified_gmt":"2021-12-17T20:00:53","slug":"vizija","status":"publish","type":"page","link":"http:\/\/communis.org.ba\/?page_id=219","title":{"rendered":"Vizija"},"content":{"rendered":"<p>Communis je stabilna gra\u0111anska neprofitna organizacija koja doprinosi ja\u010danju dru\u0161tvene svjesti i aktivizma u oblastima odr\u017eivog razvoja, ljudskih prava, kulture, komunikacija i medija a primjenom modernih na\u010dina komunikacije, organizacije, implementacije projekata te njihove valorizacije u dru\u0161tvenom kontekstu i podsti\u010de na stvarala\u0161tvo svoje \u010dlanove i okolinu i oja\u010dava gra\u0111anski aktivizam. Communis podsti\u010de, proizvodi, afirmi\u0161e i \u0161iri nove vrijednosti u lokalnoj i regionalnoj dru\u0161tvenoj zajednici, \u010dime odlu\u010dno i sna\u017eno doprinosi razvoju i ja\u010danju demokratskog pluralnog modernog dru\u0161tva.<\/p>\n","protected":false},"excerpt":{"rendered":"<p>Communis je stabilna gra\u0111anska neprofitna organizacija koja doprinosi ja\u010danju dru\u0161tvene svjesti i aktivizma u oblastima odr\u017eivog razvoja, ljudskih prava, kulture, komunikacija i medija a primjenom modernih na\u010dina komunikacije, organizacije, implementacije projekata te njihove valorizacije u dru\u0161tvenom kontekstu i podsti\u010de na stvarala\u0161tvo svoje \u010dlanove i okolinu<span class=\"more-link\"><a href=\"http:\/\/communis.org.ba\/?page_id=219\">Ceo tekst&#8230;<\/a><\/span><\/p>\n","protected":false},"author":1,"featured_media":0,"parent":0,"menu_order":0,"comment_status":"closed","ping_status":"closed","template":"","meta":{"footnotes":""},"class_list":["entry","author-admin","post-219","page","type-page","status-publish"],"_links":{"self":[{"href":"http:\/\/communis.org.ba\/index.php?rest_route=\/wp\/v2\/pages\/219","targetHints":{"allow":["GET"]}}],"collection":[{"href":"http:\/\/communis.org.ba\/index.php?rest_route=\/wp\/v2\/pages"}],"about":[{"href":"http:\/\/communis.org.ba\/index.php?rest_route=\/wp\/v2\/types\/page"}],"author":[{"embeddable":true,"href":"http:\/\/communis.org.ba\/index.php?rest_route=\/wp\/v2\/users\/1"}],"replies":[{"embeddable":true,"href":"http:\/\/communis.org.ba\/index.php?rest_route=%2Fwp%2Fv2%2Fcomments&post=219"}],"version-history":[{"count":3,"href":"http:\/\/communis.org.ba\/index.php?rest_route=\/wp\/v2\/pages\/219\/revisions"}],"predecessor-version":[{"id":1666,"href":"http:\/\/communis.org.ba\/index.php?rest_route=\/wp\/v2\/pages\/219\/revisions\/1666"}],"wp:attachment":[{"href":"http:\/\/communis.org.ba\/index.php?rest_route=%2Fwp%2Fv2%2Fmedia&parent=219"}],"curies":[{"name":"wp","href":"https:\/\/api.w.org\/{rel}","templated":true}]}}